{"id":737,"date":"2016-05-26T09:10:50","date_gmt":"2016-05-26T07:10:50","guid":{"rendered":"http:\/\/www.serraniaderonda-desarrollo.com\/serraniaronda2020\/?page_id=737"},"modified":"2017-09-14T13:41:52","modified_gmt":"2017-09-14T11:41:52","slug":"cuestionario-mapa-social","status":"publish","type":"page","link":"http:\/\/www.serraniaderonda-desarrollo.com\/serraniaronda2020\/cuestionario-mapa-social\/","title":{"rendered":"Cuestionario Mapa Social"},"content":{"rendered":"El Grupo de Desarrollo Rural Candidato Serran\u00eda de Ronda desarrolla el proceso para la elaboraci\u00f3n de la Estrategia de Desarrollo Local Participativa que deber\u00e1 ser aprobada por la Direcci\u00f3n General de Desarrollo Sostenible del Medio Rural de la Consejer\u00eda de Agricultura, Pesca y Desarrollo Rural de la Junta de Andaluc\u00eda, como paso previo a su implementaci\u00f3n en la comarca en el marco 2014-2020.\r\n<br>Como cualquier proceso participativo, la elaboraci\u00f3n de esta Estrategia de Desarrollo Local requiere de la participaci\u00f3n de Agentes Clave del territorio, personas y entidades que pueden aportar su experiencia y conocimiento en relaci\u00f3n a diferentes \u00e1mbitos de la vida social, econ\u00f3mica y cultural de la comarca, as\u00ed como su percepci\u00f3n sobre las posibilidades de desarrollo del territorio y sobre las mejores opciones para mejorar la calidad de vida de sus habitantes.\r\n<br>Le agradecemos su inter\u00e9s para participar en este proceso, para cuyo acceso necesita registro.<br>\r\nSi dispone de usuario y contrase\u00f1a, ind\u00edquelos. <a href=\"http:\/\/www.serraniaderonda-desarrollo.com\/serraniaronda2020\/wp-login.php\">ACCEDER AHORA<\/a> <br>\r\nSi no dispone de esta informaci\u00f3n puede <a href=\"http:\/\/www.serraniaderonda-desarrollo.com\/serraniaronda2020\/?page_id=853\">REGISTRARSE AHORA<\/a> y  acceder\u00e1 r\u00e1pidamente. \r\n<br><b>Su opini\u00f3n enriquece el proceso. Agradecemos su participaci\u00f3n.<\/b>","protected":false},"excerpt":{"rendered":"<p>El Grupo de Desarrollo Rural Candidato Serran\u00eda de Ronda desarrolla el proceso para la elaboraci\u00f3n de la Estrategia de Desarrollo Local Participativa que deber\u00e1 ser aprobada por la Direcci\u00f3n General de Desarrollo Sostenible del Medio Rural de la Consejer\u00eda de Agricultura, Pesca y Desarrollo Rural de la Junta de Andaluc\u00eda, como paso previo a su [&hellip;]<\/p>","protected":false},"author":49,"featured_media":0,"parent":0,"menu_order":0,"comment_status":"closed","ping_status":"closed","template":"","meta":{"footnotes":""},"_links":{"self":[{"href":"http:\/\/www.serraniaderonda-desarrollo.com\/serraniaronda2020\/wp-json\/wp\/v2\/pages\/737"}],"collection":[{"href":"http:\/\/www.serraniaderonda-desarrollo.com\/serraniaronda2020\/wp-json\/wp\/v2\/pages"}],"about":[{"href":"http:\/\/www.serraniaderonda-desarrollo.com\/serraniaronda2020\/wp-json\/wp\/v2\/types\/page"}],"author":[{"embeddable":true,"href":"http:\/\/www.serraniaderonda-desarrollo.com\/serraniaronda2020\/wp-json\/wp\/v2\/users\/49"}],"replies":[{"embeddable":true,"href":"http:\/\/www.serraniaderonda-desarrollo.com\/serraniaronda2020\/wp-json\/wp\/v2\/comments?post=737"}],"version-history":[{"count":2,"href":"http:\/\/www.serraniaderonda-desarrollo.com\/serraniaronda2020\/wp-json\/wp\/v2\/pages\/737\/revisions"}],"predecessor-version":[{"id":1168,"href":"http:\/\/www.serraniaderonda-desarrollo.com\/serraniaronda2020\/wp-json\/wp\/v2\/pages\/737\/revisions\/1168"}],"wp:attachment":[{"href":"http:\/\/www.serraniaderonda-desarrollo.com\/serraniaronda2020\/wp-json\/wp\/v2\/media?parent=737"}],"curies":[{"name":"wp","href":"https:\/\/api.w.org\/{rel}","templated":true}]}}