{"id":1085,"date":"2017-09-14T10:16:46","date_gmt":"2017-09-14T08:16:46","guid":{"rendered":"http:\/\/www.serraniaderonda-desarrollo.com\/serraniaronda2020\/?page_id=1085"},"modified":"2017-11-06T13:07:09","modified_gmt":"2017-11-06T12:07:09","slug":"plan-de-accion","status":"publish","type":"page","link":"http:\/\/www.serraniaderonda-desarrollo.com\/serraniaronda2020\/plan-de-accion\/","title":{"rendered":"Plan de acci\u00f3n"},"content":{"rendered":"<div class='avia-image-container  av-styling-    avia-align-center '  itemscope=\"itemscope\" itemtype=\"https:\/\/schema.org\/ImageObject\"  ><div class='avia-image-container-inner'><img class='avia_image ' src='http:\/\/www.serraniaderonda-desarrollo.com\/serraniaronda2020\/wp-content\/uploads\/2017\/09\/cerezas-01-1500x344.jpg' alt='' title='cerezas-01'   itemprop=\"thumbnailUrl\"  \/><\/div><\/div>\n<section class=\"av_textblock_section \"  itemscope=\"itemscope\" itemtype=\"https:\/\/schema.org\/CreativeWork\" ><div class='avia_textblock  '   itemprop=\"text\" ><p>En el Encuentro de Certificaci\u00f3n e Intercambio, las personas que han venido participando en los Grupos Focales desde que se inici\u00f3 la elaboraci\u00f3n de la Estrategia de Desarrollo Local Participativo, acuerdan la certificaci\u00f3n del proceso y de sus resultados, trasladando al Comit\u00e9 de Planificaci\u00f3n la tarea de elaborar el Plan de Acci\u00f3n que permita implementar dicha Estrategia en el territorio en el marco plurianual 2014-2020.<\/p>\n<p><strong><br \/>\nPara informarte y hacer tus aportaciones en este momento del proceso, ya est\u00e1n disponibles los siguientes documentos:<\/strong><\/p>\n<ul>\n<li><a href=\"http:\/\/www.serraniaderonda-desarrollo.com\/serraniaronda2020\/wp-content\/uploads\/2017\/11\/SERRANIARONDA_EP7_PLAN_DE_ACCION_RONDA.pdf\" target=\"_blank\" rel=\"noopener\">Plan De Acci\u00f3n De La Estrategia De Desarrollo Local<\/a><\/li>\n<\/ul>\n<\/div><\/section>","protected":false},"excerpt":{"rendered":"","protected":false},"author":49,"featured_media":0,"parent":0,"menu_order":0,"comment_status":"closed","ping_status":"closed","template":"","meta":{"footnotes":""},"_links":{"self":[{"href":"http:\/\/www.serraniaderonda-desarrollo.com\/serraniaronda2020\/wp-json\/wp\/v2\/pages\/1085"}],"collection":[{"href":"http:\/\/www.serraniaderonda-desarrollo.com\/serraniaronda2020\/wp-json\/wp\/v2\/pages"}],"about":[{"href":"http:\/\/www.serraniaderonda-desarrollo.com\/serraniaronda2020\/wp-json\/wp\/v2\/types\/page"}],"author":[{"embeddable":true,"href":"http:\/\/www.serraniaderonda-desarrollo.com\/serraniaronda2020\/wp-json\/wp\/v2\/users\/49"}],"replies":[{"embeddable":true,"href":"http:\/\/www.serraniaderonda-desarrollo.com\/serraniaronda2020\/wp-json\/wp\/v2\/comments?post=1085"}],"version-history":[{"count":5,"href":"http:\/\/www.serraniaderonda-desarrollo.com\/serraniaronda2020\/wp-json\/wp\/v2\/pages\/1085\/revisions"}],"predecessor-version":[{"id":1261,"href":"http:\/\/www.serraniaderonda-desarrollo.com\/serraniaronda2020\/wp-json\/wp\/v2\/pages\/1085\/revisions\/1261"}],"wp:attachment":[{"href":"http:\/\/www.serraniaderonda-desarrollo.com\/serraniaronda2020\/wp-json\/wp\/v2\/media?parent=1085"}],"curies":[{"name":"wp","href":"https:\/\/api.w.org\/{rel}","templated":true}]}}