{"id":1075,"date":"2017-09-14T10:12:54","date_gmt":"2017-09-14T08:12:54","guid":{"rendered":"http:\/\/www.serraniaderonda-desarrollo.com\/serraniaronda2020\/?page_id=1075"},"modified":"2017-11-06T13:04:47","modified_gmt":"2017-11-06T12:04:47","slug":"diagnostico","status":"publish","type":"page","link":"http:\/\/www.serraniaderonda-desarrollo.com\/serraniaronda2020\/diagnostico\/","title":{"rendered":"Diagn\u00f3stico"},"content":{"rendered":"<div class='avia-image-container  av-styling-no-styling    avia-align-center '  itemscope=\"itemscope\" itemtype=\"https:\/\/schema.org\/ImageObject\"  ><div class='avia-image-container-inner'><img class='avia_image ' src='http:\/\/www.serraniaderonda-desarrollo.com\/serraniaronda2020\/wp-content\/uploads\/2017\/09\/vi\u00f1a-01-1500x344.jpg' alt='' title='vi\u00f1a-01'   itemprop=\"thumbnailUrl\"  \/><\/div><\/div>\n<section class=\"av_textblock_section \"  itemscope=\"itemscope\" itemtype=\"https:\/\/schema.org\/CreativeWork\" ><div class='avia_textblock  '   itemprop=\"text\" ><p>La fase de diagn\u00f3stico consta de tres elementos: la descripci\u00f3n del territorio, el diagn\u00f3stico cuantitativo y el Cuestionario Mapa Social.<\/p>\n<p>En esta fase el Grupo Coordinador realiza un an\u00e1lisis de debilidades y amenazas, de fortalezas y oportunidades en relaci\u00f3n con la comarca y con \u00e1reas tem\u00e1ticas concretas, gracias a la informaci\u00f3n que aportan los agentes clave del territorio al cumplimentar el Cuestionario Mapa Social.<\/p>\n<p>A esta informaci\u00f3n se suman las conclusiones del Grupo Coordinador resultantes del an\u00e1lisis y tratamiento de los datos cuantitativos relativos a la descripci\u00f3n del territorio.<\/p>\n<p>El resultado de esta fase es la elaboraci\u00f3n de las matrices DAFO tem\u00e1ticas y la matriz DAFO territorial.<\/p>\n<p style=\"text-align: center;\"><strong>Te animamos a informarte y participar como agente clave del territorio.<\/strong><\/p>\n<p><strong><br \/>\nPara informarte y hacer tus aportaciones en este momento del proceso, ya est\u00e1n disponibles los siguientes documentos:<\/strong><\/p>\n<ul>\n<li><a href=\"http:\/\/www.serraniaderonda-desarrollo.com\/serraniaronda2020\/wp-content\/uploads\/2017\/11\/SERRANIARONDA_EP2_DESCRIPCION_ZRL_MA04.pdf\" target=\"_blank\" rel=\"noopener\">Descripci\u00f3n del territorio<\/a><\/li>\n<li><a href=\"http:\/\/www.serraniaderonda-desarrollo.com\/serraniaronda2020\/wp-content\/uploads\/2017\/11\/SERRANIARONDA_EP4_DIAGNOSTICO_Y_DAFO_MA04.pdf\" target=\"_blank\" rel=\"noopener\">Diagn\u00f3stico y matrices DAFO<\/a><\/li>\n<\/ul>\n<\/div><\/section>","protected":false},"excerpt":{"rendered":"","protected":false},"author":49,"featured_media":0,"parent":0,"menu_order":0,"comment_status":"closed","ping_status":"closed","template":"","meta":{"footnotes":""},"_links":{"self":[{"href":"http:\/\/www.serraniaderonda-desarrollo.com\/serraniaronda2020\/wp-json\/wp\/v2\/pages\/1075"}],"collection":[{"href":"http:\/\/www.serraniaderonda-desarrollo.com\/serraniaronda2020\/wp-json\/wp\/v2\/pages"}],"about":[{"href":"http:\/\/www.serraniaderonda-desarrollo.com\/serraniaronda2020\/wp-json\/wp\/v2\/types\/page"}],"author":[{"embeddable":true,"href":"http:\/\/www.serraniaderonda-desarrollo.com\/serraniaronda2020\/wp-json\/wp\/v2\/users\/49"}],"replies":[{"embeddable":true,"href":"http:\/\/www.serraniaderonda-desarrollo.com\/serraniaronda2020\/wp-json\/wp\/v2\/comments?post=1075"}],"version-history":[{"count":10,"href":"http:\/\/www.serraniaderonda-desarrollo.com\/serraniaronda2020\/wp-json\/wp\/v2\/pages\/1075\/revisions"}],"predecessor-version":[{"id":1255,"href":"http:\/\/www.serraniaderonda-desarrollo.com\/serraniaronda2020\/wp-json\/wp\/v2\/pages\/1075\/revisions\/1255"}],"wp:attachment":[{"href":"http:\/\/www.serraniaderonda-desarrollo.com\/serraniaronda2020\/wp-json\/wp\/v2\/media?parent=1075"}],"curies":[{"name":"wp","href":"https:\/\/api.w.org\/{rel}","templated":true}]}}